{"id":394,"date":"2011-10-21T07:03:53","date_gmt":"2011-10-21T07:03:53","guid":{"rendered":"https:\/\/bushcraft-and-survival.com\/?page_id=394"},"modified":"2016-08-31T09:31:02","modified_gmt":"2016-08-31T07:31:02","slug":"kanovaren-flakkee","status":"publish","type":"page","link":"https:\/\/bushcraft-and-survival.com\/?page_id=394","title":{"rendered":"Bushcraft Kanovaren"},"content":{"rendered":"<h5><strong>Om de verjaardag van uw kind(eren) extra leuk te maken bieden wij u instructieve kinderfeestjes met verschillende mogelijkheden. Of\u00a0 om voor u een leuke familie dag, familie uitje, familiere\u00fcnie, enz. te verzorgen bieden wij u dezelfde mogelijkheden. Zo u het wenst wat meer theoretisch of zo anders wat meer praktisch. Het kan naar leeftijd en niveau aangegeven worden.<\/strong><\/h5>\n<h3><span style=\"color: #993300;\">Tweede mogelijkheid kinderfeestjes\/ familie-uitjes\/ workshops: <span style=\"color: #000080;\">(Traditioneel) Canadees kanovaren<\/span><\/span><\/h3>\n<p><span style=\"color: #993232;\"><strong>Tarieven<\/strong><\/span><\/p>\n<p><strong>Wijzigingen voorbehouden.<\/strong><\/p>\n<p><strong>De tarieven vari\u00ebren naar het aantal uren, deelnemers, soort instructie, enz. \u00a0dat u wenst. Het minimale tarief is 85,- \u00a0voor 2 uur, met max. 12 kinderen of jeugdigen, alleen onder begeleiding van een Bushcraft &amp; Survival- instructeur. Voor volwassenen max. 8 deelnemers.<\/strong><\/p>\n<p><strong>Met meer dan 12 kinderen of 8 volwassenen kunt u uit gaan van een gemiddelde verhoging van 7 euro per pers. voor kinderen en 9 euro p.p. voor volwassenen. Mail voor meer informatie.\u00a0 Email: <a href=\"https:\/\/bushcraft-and-survival.com\/index.php\/contact\/\">zie contact pagina<\/a><\/strong><\/p>\n<h2><span style=\"color: #800000;\">Instructieve Bushcraft- kanotochtjes<\/span><\/h2>\n<p>We bieden u het gehele jaar door (zolang het ijs niet kraakt, zijn niet bang voor herfst en winter, gaan natuurlijk niet het grote water op) de mogelijkheid om <strong>bushcraft<\/strong> of<strong> survival<\/strong> kanotochtjes te doen, met instructies over het Canadese kanovaren of informatie van (water)planten, (water)dieren, het kunnen (over)leven met de kano \u00f3p, \u00e1\u00e1n en \u00edn het water.<\/p>\n<p>Opties:<\/p>\n<ol>\n<li>Instructief peddel techniek Canadees kanovaren, nadruk op (soorten)traditionele kano\u2019s.<\/li>\n<li>Instructief (her)kennen van (water)planten, (water)dieren, bomen, enz., nadruk op de natuur met betrekking tot bushcraft en survival<\/li>\n<li>Bijzondere instructieve gelegenheden: Vissen vanuit de kano,\u00a0 3d boogschieten vanuit de kano en kano- (jeugd)kampeer tochten.<\/li>\n<\/ol>\n<p>En we bieden u ook VERKOOP van speciale wildwater, openwater, Canadese kano\u2019s en kajaks. Er staat nog alleen een opblaasbare kano op, het is in aanbouw, neemt u voor vragen contact met ons \u00a0op. \u00a0Klik hier voor verkoop kano\u2019s: <a href=\"https:\/\/bushcraft-and-survival.com\/\/webshop\/index.php?cPath=33&amp;osCsid=jfh3qtq3njher4n5hdt5g05lm0\">kano verkoop<\/a><\/p>\n<h2><span style=\"color: #800000;\">Bushcraft Kanovaren<br \/>\n<\/span><\/h2>\n<p>We bieden u kanotochtjes met 2 gereviseerde traditionele Canadese kano\u2019s van jaren oud. Deze kano\u2019s zijn van hout- canvas. Dit soort Canadese kano\u2019s stammen terug uit eind 19e eeuw en waren een vervolg op de zogenaamde berkenbast kano\u2019s (birch- canoes) die de indianen al zeer lang gebruikten. \u00a0<strong>Zie hierboven bij kopje<\/strong> <strong>KANOTOCHTJES<\/strong><\/p>\n<h2><span style=\"color: #800000;\">De Canadese Kano<\/span><\/h2>\n<p>Na een lange en barre tocht over de rivieren is hij er dan : DE CANADESE KANO!!!<\/p>\n<p>We zijn\u00a0onderweg nogal wat hindernissen tegengekomen; stroomversnellingen, omgewaaide bomen, watervallen, beren en wolven&#8230;&#8230;&#8230;&#8230;.maar we hebben ons\u00a0ook verwonderd\u2026\u2026\u2026.zoveel vis, dat\u00a0we het\u00a0niet tellen konden, bijzondere vogels, die\u00a0we niet eerder horen konden, zonsopkomst -en zonsondergang op het water die\u00a0ons stil maakten\u2026en nog meer..<\/p>\n<p>Indianen (ook onze voormalige Germanen) \u00e9n bushcraft zijn onafscheidelijk aan elkaar verbonden. Indianen waren ZEER verbonden met het land waarop ze leefden. Het land was hun \u201csong\u201d (gezang). Men had grote achting voor wat de natuur hun bood. Zij leefden \u00edn de natuur en v\u00e1n het geen de natuur hun schonk. Zonder de natuur zouden zij het niet overleven. De kano is als eeuwen lang, het super geschikte vervoer over water, voor de indianen.\u00a0 Zij konden hiermee jagen, vissen, zich voortbewegen in de velen rivieren, vracht vervoeren, enz.<\/p>\n<p><a href=\"https:\/\/bushcraft-and-survival.com\/wp-content\/uploads\/2011\/10\/Kanu_Canoe_Canadier88.jpg\"><img loading=\"lazy\" decoding=\"async\" class=\"aligncenter size-full wp-image-401\" title=\"Kanu_Canoe_Canadier88\" src=\"https:\/\/bushcraft-and-survival.com\/wp-content\/uploads\/2011\/10\/Kanu_Canoe_Canadier88.jpg\" alt=\"\" width=\"300\" height=\"221\" \/><\/a><\/p>\n<p>We bieden u dan de mogelijkheid om meer bewust te worden van de wonderen van de natuur!\u00a0 De introductie van de kano op ons eiland Goeree Overflakkee! U hoeft echt niet zulke grote reizen te maken, ontdek hoe mooi de natuur is van ons eiland vanuit de kano!<\/p>\n<p>&nbsp;<\/p>\n<p><a href=\"https:\/\/bushcraft-and-survival.com\/wp-content\/uploads\/2011\/10\/kano-I.jpg\"><img loading=\"lazy\" decoding=\"async\" class=\"aligncenter size-medium wp-image-399\" title=\"kano I\" src=\"https:\/\/bushcraft-and-survival.com\/wp-content\/uploads\/2011\/10\/kano-I-300x225.jpg\" alt=\"\" width=\"300\" height=\"225\" srcset=\"https:\/\/bushcraft-and-survival.com\/wp-content\/uploads\/2011\/10\/kano-I-300x225.jpg 300w, https:\/\/bushcraft-and-survival.com\/wp-content\/uploads\/2011\/10\/kano-I.jpg 400w\" sizes=\"(max-width: 300px) 100vw, 300px\" \/><\/a><\/p>\n<p><a href=\"https:\/\/bushcraft-and-survival.com\/wp-content\/uploads\/2011\/09\/DSC01197-500x333.jpg\"><img loading=\"lazy\" decoding=\"async\" class=\"aligncenter size-medium wp-image-382\" title=\"DSC01197 (500x333)\" src=\"https:\/\/bushcraft-and-survival.com\/wp-content\/uploads\/2011\/09\/DSC01197-500x333-300x199.jpg\" alt=\"\" width=\"300\" height=\"199\" srcset=\"https:\/\/bushcraft-and-survival.com\/wp-content\/uploads\/2011\/09\/DSC01197-500x333-300x199.jpg 300w, https:\/\/bushcraft-and-survival.com\/wp-content\/uploads\/2011\/09\/DSC01197-500x333.jpg 500w\" sizes=\"(max-width: 300px) 100vw, 300px\" \/><\/a><\/p>\n<p><a href=\"https:\/\/bushcraft-and-survival.com\/wp-content\/uploads\/2011\/09\/DSC05630-375x500.jpg\"><img loading=\"lazy\" decoding=\"async\" class=\"aligncenter size-medium wp-image-383\" title=\"DSC05630 (375x500)\" src=\"https:\/\/bushcraft-and-survival.com\/wp-content\/uploads\/2011\/09\/DSC05630-375x500-225x300.jpg\" alt=\"\" width=\"225\" height=\"300\" srcset=\"https:\/\/bushcraft-and-survival.com\/wp-content\/uploads\/2011\/09\/DSC05630-375x500-225x300.jpg 225w, https:\/\/bushcraft-and-survival.com\/wp-content\/uploads\/2011\/09\/DSC05630-375x500.jpg 375w\" sizes=\"(max-width: 225px) 100vw, 225px\" \/><\/a><\/p>\n<p><a href=\"https:\/\/bushcraft-and-survival.com\/wp-content\/uploads\/2011\/09\/DSC05636-500x375.jpg\"><img loading=\"lazy\" decoding=\"async\" class=\"aligncenter size-medium wp-image-380\" title=\"DSC05636 (500x375)\" src=\"https:\/\/bushcraft-and-survival.com\/wp-content\/uploads\/2011\/09\/DSC05636-500x375-300x225.jpg\" alt=\"\" width=\"300\" height=\"225\" srcset=\"https:\/\/bushcraft-and-survival.com\/wp-content\/uploads\/2011\/09\/DSC05636-500x375-300x225.jpg 300w, https:\/\/bushcraft-and-survival.com\/wp-content\/uploads\/2011\/09\/DSC05636-500x375.jpg 500w\" sizes=\"(max-width: 300px) 100vw, 300px\" \/><\/a><\/p>\n<p><a href=\"https:\/\/bushcraft-and-survival.com\/wp-content\/uploads\/2011\/09\/DSC01211-333x500.jpg\"><img loading=\"lazy\" decoding=\"async\" class=\"aligncenter size-medium wp-image-379\" title=\"DSC01211 (333x500)\" src=\"https:\/\/bushcraft-and-survival.com\/wp-content\/uploads\/2011\/09\/DSC01211-333x500-199x300.jpg\" alt=\"\" width=\"199\" height=\"300\" srcset=\"https:\/\/bushcraft-and-survival.com\/wp-content\/uploads\/2011\/09\/DSC01211-333x500-199x300.jpg 199w, https:\/\/bushcraft-and-survival.com\/wp-content\/uploads\/2011\/09\/DSC01211-333x500.jpg 333w\" sizes=\"(max-width: 199px) 100vw, 199px\" \/><\/a><\/p>\n","protected":false},"excerpt":{"rendered":"<p>Om de verjaardag van uw kind(eren) extra leuk te maken bieden wij u instructieve kinderfeestjes met verschillende mogelijkheden. Of\u00a0 om voor u een leuke familie dag, familie uitje, familiere\u00fcnie, enz. te verzorgen bieden wij u dezelfde mogelijkheden. Zo u het wenst wat meer theoretisch of zo anders wat meer praktisch. Het kan naar leeftijd en [&hellip;]<\/p>\n","protected":false},"author":2,"featured_media":0,"parent":0,"menu_order":10,"comment_status":"closed","ping_status":"closed","template":"","meta":{"footnotes":""},"class_list":["post-394","page","type-page","status-publish","hentry"],"_links":{"self":[{"href":"https:\/\/bushcraft-and-survival.com\/index.php?rest_route=\/wp\/v2\/pages\/394"}],"collection":[{"href":"https:\/\/bushcraft-and-survival.com\/index.php?rest_route=\/wp\/v2\/pages"}],"about":[{"href":"https:\/\/bushcraft-and-survival.com\/index.php?rest_route=\/wp\/v2\/types\/page"}],"author":[{"embeddable":true,"href":"https:\/\/bushcraft-and-survival.com\/index.php?rest_route=\/wp\/v2\/users\/2"}],"replies":[{"embeddable":true,"href":"https:\/\/bushcraft-and-survival.com\/index.php?rest_route=%2Fwp%2Fv2%2Fcomments&post=394"}],"version-history":[{"count":46,"href":"https:\/\/bushcraft-and-survival.com\/index.php?rest_route=\/wp\/v2\/pages\/394\/revisions"}],"predecessor-version":[{"id":737,"href":"https:\/\/bushcraft-and-survival.com\/index.php?rest_route=\/wp\/v2\/pages\/394\/revisions\/737"}],"wp:attachment":[{"href":"https:\/\/bushcraft-and-survival.com\/index.php?rest_route=%2Fwp%2Fv2%2Fmedia&parent=394"}],"curies":[{"name":"wp","href":"https:\/\/api.w.org\/{rel}","templated":true}]}}